{"id":45,"date":"2022-11-23T19:25:57","date_gmt":"2022-11-23T18:25:57","guid":{"rendered":"https:\/\/home-berlin.com\/apartament-liste\/"},"modified":"2022-12-16T20:34:41","modified_gmt":"2022-12-16T19:34:41","slug":"apartments-2","status":"publish","type":"page","link":"https:\/\/www.home-berlin.com\/?page_id=45","title":{"rendered":"Apartments"},"content":{"rendered":"\n<div class=\"wrap plugin-container\">\n\n\t\n\t\n\t    <div class=\"uk-section modroomlist\">\r\n     <div class=\"uk-container \">\r\n    \r\n    \r\n    <div class=\"uk-card uk-card-default uk-grid-collapse uk-margin\" uk-grid> \r\n    \r\n    <div class=\"uk-card-media-left uk-cover-container uk-width-1-3@m\">\r\n                        \t\t\t\t\t\t<img decoding=\"async\" src=\"https:\/\/www.home-berlin.com\/wp-content\/plugins\/vikbooking\/site\/resources\/uploads\/winsstrasse-68-10405-berlin.jpg\" uk-cover\/>\r\n                        <canvas width=\"390\" height=\"300\"><\/canvas>\r\n\t\t\t\t\t\t                    \r\n                    \r\n           <div class=\"uk-position-bottom-left uk-position-small uk-text-bold uk-overlay uk-overlay-default uk-padding-small uk-padding-remove-vertical\">          \r\n\t\t\t\t\t\t\t\r\n\t\t\t\t\t\t\t\t \r\n\t\t\t\t\t\t\t\t<span class=\"themecolor\">Tagesvermietung<\/span>\r\n\t\t\t\t\t\t\t\r\n\t\t\t\t\t\t\t\r\n            \r\n            <\/div>\r\n            \r\n                        <div class=\"uk-position-top-left uk-position-small\">\r\n                            <i class=\"fas fa-male vbo-pref-color-text\"><\/i><i class=\"fas fa-male vbo-pref-color-text\"><\/i><i class=\"fas fa-male vbo-pref-color-text\"><\/i><i class=\"fas fa-male vbo-pref-color-text\"><\/i><i class=\"fas fa-male vbo-pref-color-text\"><\/i>           <\/div>\r\n           \r\n           \t\t\t           <div class=\"uk-position-top-right uk-position-small uk-text-bold uk-overlay uk-overlay-default uk-padding-small uk-padding-remove-vertical\">          \r\n\t\t\t\t\t\t\t\r\n\t\t\t\t\t\t\t\t \r\n\t\t\t\t\t\t\t\t<span class=\"themecolor\">240\u20ac<\/span>\r\n                                                                \t\t\t\t\t\t\t\t<div class=\"vbliststartfrom-subtxt\"><\/div>\r\n\t\t\t\t\t\t\t\t\t\t\t\t\t\t\t\t\r\n\t\t\t\t\t\t\t\r\n            \r\n            <\/div>\r\n                       \r\n    <\/div>\r\n    \r\n    <div class=\"uk-width-2-3@m\">\r\n        <div class=\"uk-card-body\">\r\n            <h3 class=\"uk-card-title\"><a href=\"https:\/\/www.home-berlin.com\/?page_id=107\">Apartment Winsstra\u00dfe<\/a><\/h3>\r\n           <strong> 1 Schlafzimmer \/1 Wohnzimmer \/ 2 Bett \/ 1 Sofabett\/ 1 Badezimmer \/ 85 m\u00b2 \/ 3. Etage <\/strong>\r\n            <p>In dieser sch\u00f6nen und hellen Wohnung mit kunstvoll gestalteten Decken sp\u00fcren Sie den (alten) Berliner Stil mit besonderer Intensit\u00e4t. Auf 85m\u00b2 bietet die Umgebung viel Platz. Die Gegend ist gr\u00fcn und ruhig. Dieses elegante Apartment befindet sich im dritten Stock eines herrschaftlichen Geb\u00e4udes in Berlin. Mit zwei Schlafzimmern, einem sonnigen Balkon, einem kompletten Badezimmer, einer ger\u00e4umigen und voll ausgestatteten K\u00fcche.&hellip;            <\/p>\r\n            <a class=\"uk-button vbo-pref-color-btn\" href=\"https:\/\/www.home-berlin.com\/?page_id=107\">Details<\/a>\r\n            \r\n        <\/div>\r\n        \r\n    <\/div>\r\n    \r\n    \r\n\r\n    \r\n    <\/div>\t    \r\n    \r\n    <div class=\"uk-card uk-card-default uk-grid-collapse uk-margin\" uk-grid> \r\n    \r\n    <div class=\"uk-card-media-left uk-cover-container uk-width-1-3@m\">\r\n                        \t\t\t\t\t\t<img decoding=\"async\" src=\"https:\/\/www.home-berlin.com\/wp-content\/plugins\/vikbooking\/site\/resources\/uploads\/prenzlauer_allee-51-10405-berlin.jpg\" uk-cover\/>\r\n                        <canvas width=\"390\" height=\"300\"><\/canvas>\r\n\t\t\t\t\t\t                    \r\n                    \r\n           <div class=\"uk-position-bottom-left uk-position-small uk-text-bold uk-overlay uk-overlay-default uk-padding-small uk-padding-remove-vertical\">          \r\n\t\t\t\t\t\t\t\r\n\t\t\t\t\t\t\t\t \r\n\t\t\t\t\t\t\t\t<span class=\"themecolor\">Tagesvermietung<\/span>\r\n\t\t\t\t\t\t\t\r\n\t\t\t\t\t\t\t\r\n            \r\n            <\/div>\r\n            \r\n                        <div class=\"uk-position-top-left uk-position-small\">\r\n                            <i class=\"fas fa-male vbo-pref-color-text\"><\/i><i class=\"fas fa-male vbo-pref-color-text\"><\/i><i class=\"fas fa-male vbo-pref-color-text\"><\/i><i class=\"fas fa-male vbo-pref-color-text\"><\/i>           <\/div>\r\n           \r\n           \t\t\t           <div class=\"uk-position-top-right uk-position-small uk-text-bold uk-overlay uk-overlay-default uk-padding-small uk-padding-remove-vertical\">          \r\n\t\t\t\t\t\t\t\r\n\t\t\t\t\t\t\t\t \r\n\t\t\t\t\t\t\t\t<span class=\"themecolor\">260\u20ac<\/span>\r\n                                                                \t\t\t\t\t\t\t\t<div class=\"vbliststartfrom-subtxt\"><\/div>\r\n\t\t\t\t\t\t\t\t\t\t\t\t\t\t\t\t\r\n\t\t\t\t\t\t\t\r\n            \r\n            <\/div>\r\n                       \r\n    <\/div>\r\n    \r\n    <div class=\"uk-width-2-3@m\">\r\n        <div class=\"uk-card-body\">\r\n            <h3 class=\"uk-card-title\"><a href=\"https:\/\/www.home-berlin.com\/?page_id=91\">Apartment Prenzlauer Allee<\/a><\/h3>\r\n           <strong> 2 Schlafzimmer \/ 2 Betten \/ 1 Badezimmer \/ 97 m\u00b2 \/ 2. Etage <\/strong>\r\n            <p>Diese helle und ger\u00e4umige Wohnung befindet sich im zweiten Stock direkt an der Prenzlauer Allee und ist 97 m\u00b2 gro\u00df mit einem Aufzug bis zu einer halben Etage. Das gro\u00dfz\u00fcgige Eckwohnzimmer mit 3 m hohen W\u00e4nden ist das Herzst\u00fcck der Wohnung und l\u00e4dt zum entspannten Verweilen und Beobachten des Treibens auf der Prenzlauer Allee ein. Das geht von den zahlreichen&hellip;            <\/p>\r\n            <a class=\"uk-button vbo-pref-color-btn\" href=\"https:\/\/www.home-berlin.com\/?page_id=91\">Details<\/a>\r\n            \r\n        <\/div>\r\n        \r\n    <\/div>\r\n    \r\n    \r\n\r\n    \r\n    <\/div>\t    \r\n    \r\n    <div class=\"uk-card uk-card-default uk-grid-collapse uk-margin\" uk-grid> \r\n    \r\n    <div class=\"uk-card-media-left uk-cover-container uk-width-1-3@m\">\r\n                        \t\t\t\t\t\t<img decoding=\"async\" src=\"https:\/\/www.home-berlin.com\/wp-content\/plugins\/vikbooking\/site\/resources\/uploads\/baenschstrasse-62-10247-berlin.jpg\" uk-cover\/>\r\n                        <canvas width=\"390\" height=\"300\"><\/canvas>\r\n\t\t\t\t\t\t                    \r\n                    \r\n           <div class=\"uk-position-bottom-left uk-position-small uk-text-bold uk-overlay uk-overlay-default uk-padding-small uk-padding-remove-vertical\">          \r\n\t\t\t\t\t\t\t\r\n\t\t\t\t\t\t\t\t \r\n\t\t\t\t\t\t\t\t<span class=\"themecolor\">min. 3-Monatsvermietung<\/span>\r\n\t\t\t\t\t\t\t\r\n\t\t\t\t\t\t\t\r\n            \r\n            <\/div>\r\n            \r\n                        <div class=\"uk-position-top-left uk-position-small\">\r\n                            <i class=\"fas fa-male vbo-pref-color-text\"><\/i><i class=\"fas fa-male vbo-pref-color-text\"><\/i>           <\/div>\r\n           \r\n           \t\t\t           <div class=\"uk-position-top-right uk-position-small uk-text-bold uk-overlay uk-overlay-default uk-padding-small uk-padding-remove-vertical\">          \r\n\t\t\t\t\t\t\t\r\n\t\t\t\t\t\t\t\t \r\n\t\t\t\t\t\t\t\t<span class=\"themecolor\">1,600\u20ac<\/span>\r\n                                                                \t\t\t\t\t\t\t\t<div class=\"vbliststartfrom-subtxt\"><\/div>\r\n\t\t\t\t\t\t\t\t\t\t\t\t\t\t\t\t\r\n\t\t\t\t\t\t\t\r\n            \r\n            <\/div>\r\n                       \r\n    <\/div>\r\n    \r\n    <div class=\"uk-width-2-3@m\">\r\n        <div class=\"uk-card-body\">\r\n            <h3 class=\"uk-card-title\"><a href=\"https:\/\/www.home-berlin.com\/?page_id=103\">Apartment B\u00e4nschstrasse<\/a><\/h3>\r\n           <strong> 2 Schlafzimmer \/ 2 Betten \/ 1 Badezimmer \/ 55 m\u00b2 \/ 4. Etage <\/strong>\r\n            <p>Diese helle, 55 m\u00b2 gro\u00dfe Wohnung befindet sich im Zentrum des Berliner Szeneviertels Friedrichshain, neben der Samariterkirche, mit sehr guter Verkehrsanbindung nach Berlin Mitte und Prenzlauer Berg. Die U-Bahnlinie U5 200 Meter und 8 Minuten vom Alexanderplatz und Prenzlauer Berg entfernt. Wohnhaus im denkmalgesch\u00fctzten Samariterviertel, Baujahr 1903. Die Wohnung befindet sich im vierten Obergeschoss eines denkmalgesch\u00fctzten Geb\u00e4udes und verf\u00fcgt aus&hellip;            <\/p>\r\n            <a class=\"uk-button vbo-pref-color-btn\" href=\"https:\/\/www.home-berlin.com\/?page_id=103\">Details<\/a>\r\n            \r\n        <\/div>\r\n        \r\n    <\/div>\r\n    \r\n    \r\n\r\n    \r\n    <\/div>\t    \r\n    \r\n    <div class=\"uk-card uk-card-default uk-grid-collapse uk-margin\" uk-grid> \r\n    \r\n    <div class=\"uk-card-media-left uk-cover-container uk-width-1-3@m\">\r\n                        \t\t\t\t\t\t<img decoding=\"async\" src=\"https:\/\/www.home-berlin.com\/wp-content\/plugins\/vikbooking\/site\/resources\/uploads\/rykestrasse-5-10405-berlin.jpg\" uk-cover\/>\r\n                        <canvas width=\"390\" height=\"300\"><\/canvas>\r\n\t\t\t\t\t\t                    \r\n                    \r\n           <div class=\"uk-position-bottom-left uk-position-small uk-text-bold uk-overlay uk-overlay-default uk-padding-small uk-padding-remove-vertical\">          \r\n\t\t\t\t\t\t\t\r\n\t\t\t\t\t\t\t\t \r\n\t\t\t\t\t\t\t\t<span class=\"themecolor\">min. 3-Monatsvermietung<\/span>\r\n\t\t\t\t\t\t\t\r\n\t\t\t\t\t\t\t\r\n            \r\n            <\/div>\r\n            \r\n                        <div class=\"uk-position-top-left uk-position-small\">\r\n                            <i class=\"fas fa-male vbo-pref-color-text\"><\/i><i class=\"fas fa-male vbo-pref-color-text\"><\/i>           <\/div>\r\n           \r\n           \t\t\t           <div class=\"uk-position-top-right uk-position-small uk-text-bold uk-overlay uk-overlay-default uk-padding-small uk-padding-remove-vertical\">          \r\n\t\t\t\t\t\t\t\r\n\t\t\t\t\t\t\t\t \r\n\t\t\t\t\t\t\t\t<span class=\"themecolor\">1,700\u20ac<\/span>\r\n                                                                \t\t\t\t\t\t\t\t<div class=\"vbliststartfrom-subtxt\"><\/div>\r\n\t\t\t\t\t\t\t\t\t\t\t\t\t\t\t\t\r\n\t\t\t\t\t\t\t\r\n            \r\n            <\/div>\r\n                       \r\n    <\/div>\r\n    \r\n    <div class=\"uk-width-2-3@m\">\r\n        <div class=\"uk-card-body\">\r\n            <h3 class=\"uk-card-title\"><a href=\"https:\/\/www.home-berlin.com\/?page_id=84\">Apartment Rykestrasse<\/a><\/h3>\r\n           <strong> 1 Schlafzimmer \/ 1 Bett \/ 1 Badezimmer \/ 58 m\u00b2 \/ 3. Etage <\/strong>\r\n            <p>Die Wohnung zeichnet sich durch einen gro\u00dfen Wohn- und Schlafbereich, ein komplett renoviertes Badezimmer und eine voll ausgestattete K\u00fcche aus. Das ger\u00e4umige Wohnzimmer ist ca. 40 m\u00b2 gro\u00df und hat eine Deckenh\u00f6he von 3 Metern. Es ist ausgestattet mit einem gro\u00dfen Massivholz-Esstisch, einem Doppelbett mit einer 140x200 Matratze und einer Massivholzauflage, einem Flachbildfernseher, einem 2-Sitzer-Sofa, zwei bequemen Kommoden, einem zweit\u00fcrigen&hellip;            <\/p>\r\n            <a class=\"uk-button vbo-pref-color-btn\" href=\"https:\/\/www.home-berlin.com\/?page_id=84\">Details<\/a>\r\n            \r\n        <\/div>\r\n        \r\n    <\/div>\r\n    \r\n    \r\n\r\n    \r\n    <\/div>\t    \r\n    \r\n    <div class=\"uk-card uk-card-default uk-grid-collapse uk-margin\" uk-grid> \r\n    \r\n    <div class=\"uk-card-media-left uk-cover-container uk-width-1-3@m\">\r\n                        \t\t\t\t\t\t<img decoding=\"async\" src=\"https:\/\/www.home-berlin.com\/wp-content\/plugins\/vikbooking\/site\/resources\/uploads\/uhlandstrasse-195-10623-berlin.jpg\" uk-cover\/>\r\n                        <canvas width=\"390\" height=\"300\"><\/canvas>\r\n\t\t\t\t\t\t                    \r\n                    \r\n           <div class=\"uk-position-bottom-left uk-position-small uk-text-bold uk-overlay uk-overlay-default uk-padding-small uk-padding-remove-vertical\">          \r\n\t\t\t\t\t\t\t\r\n\t\t\t\t\t\t\t\t \r\n\t\t\t\t\t\t\t\t<span class=\"themecolor\">min. 3-Monatsvermietung<\/span>\r\n\t\t\t\t\t\t\t\r\n\t\t\t\t\t\t\t\r\n            \r\n            <\/div>\r\n            \r\n                        <div class=\"uk-position-top-left uk-position-small\">\r\n                            <i class=\"fas fa-male vbo-pref-color-text\"><\/i><i class=\"fas fa-male vbo-pref-color-text\"><\/i>           <\/div>\r\n           \r\n           \t\t\t           <div class=\"uk-position-top-right uk-position-small uk-text-bold uk-overlay uk-overlay-default uk-padding-small uk-padding-remove-vertical\">          \r\n\t\t\t\t\t\t\t\r\n\t\t\t\t\t\t\t\t \r\n\t\t\t\t\t\t\t\t<span class=\"themecolor\">1,700\u20ac<\/span>\r\n                                                                \t\t\t\t\t\t\t\t<div class=\"vbliststartfrom-subtxt\"><\/div>\r\n\t\t\t\t\t\t\t\t\t\t\t\t\t\t\t\t\r\n\t\t\t\t\t\t\t\r\n            \r\n            <\/div>\r\n                       \r\n    <\/div>\r\n    \r\n    <div class=\"uk-width-2-3@m\">\r\n        <div class=\"uk-card-body\">\r\n            <h3 class=\"uk-card-title\"><a href=\"https:\/\/www.home-berlin.com\/?page_id=104\">Apartment Uhlandstrasse<\/a><\/h3>\r\n           <strong> 2 Betten \/ 1 Badezimmer \/ 46 m\u00b2 \/ 3. Etage <\/strong>\r\n            <p>Dieses sch\u00f6ne und moderne Studio befindet sich im Herzen von Charlottenburg. Umgeben von historischen Orten des alten und modernen Berlins. Von hier aus k\u00f6nnen Sie fast alle Sehensw\u00fcrdigkeiten der Westernstadt zu Fu\u00df erreichen. Das Badezimmer verf\u00fcgt \u00fcber eine Badewanne mit Dusche, Waschbecken, Toilette, Waschmaschine und F\u00f6hn. Das Studio verf\u00fcgt \u00fcber eine voll ausgestattete K\u00fcche mit Backofen und Elektroherd, Saftpresse, Mikrowelle,&hellip;            <\/p>\r\n            <a class=\"uk-button vbo-pref-color-btn\" href=\"https:\/\/www.home-berlin.com\/?page_id=104\">Details<\/a>\r\n            \r\n        <\/div>\r\n        \r\n    <\/div>\r\n    \r\n    \r\n\r\n    \r\n    <\/div>\t    \r\n    \r\n    <div class=\"uk-card uk-card-default uk-grid-collapse uk-margin\" uk-grid> \r\n    \r\n    <div class=\"uk-card-media-left uk-cover-container uk-width-1-3@m\">\r\n                        \t\t\t\t\t\t<img decoding=\"async\" src=\"https:\/\/www.home-berlin.com\/wp-content\/plugins\/vikbooking\/site\/resources\/uploads\/schoenhauser__allee-186-10119-berlin.jpg\" uk-cover\/>\r\n                        <canvas width=\"390\" height=\"300\"><\/canvas>\r\n\t\t\t\t\t\t                    \r\n                    \r\n           <div class=\"uk-position-bottom-left uk-position-small uk-text-bold uk-overlay uk-overlay-default uk-padding-small uk-padding-remove-vertical\">          \r\n\t\t\t\t\t\t\t\r\n\t\t\t\t\t\t\t\t \r\n\t\t\t\t\t\t\t\t<span class=\"themecolor\">min. 3-Monatsvermietung<\/span>\r\n\t\t\t\t\t\t\t\r\n\t\t\t\t\t\t\t\r\n            \r\n            <\/div>\r\n            \r\n                        <div class=\"uk-position-top-left uk-position-small\">\r\n                            <i class=\"fas fa-male vbo-pref-color-text\"><\/i><i class=\"fas fa-male vbo-pref-color-text\"><\/i>           <\/div>\r\n           \r\n           \t\t\t           <div class=\"uk-position-top-right uk-position-small uk-text-bold uk-overlay uk-overlay-default uk-padding-small uk-padding-remove-vertical\">          \r\n\t\t\t\t\t\t\t\r\n\t\t\t\t\t\t\t\t \r\n\t\t\t\t\t\t\t\t<span class=\"themecolor\">2,000\u20ac<\/span>\r\n                                                                \t\t\t\t\t\t\t\t<div class=\"vbliststartfrom-subtxt\"><\/div>\r\n\t\t\t\t\t\t\t\t\t\t\t\t\t\t\t\t\r\n\t\t\t\t\t\t\t\r\n            \r\n            <\/div>\r\n                       \r\n    <\/div>\r\n    \r\n    <div class=\"uk-width-2-3@m\">\r\n        <div class=\"uk-card-body\">\r\n            <h3 class=\"uk-card-title\"><a href=\"https:\/\/www.home-berlin.com\/?page_id=92\">Apartment Sch\u00f6nhauser Allee<\/a><\/h3>\r\n           <strong> 1 Schlafzimmer \/ 1 Bett \/ 1 Badezimmer \/ 68 m\u00b2 \/ 2. Etage <\/strong>\r\n            <p>Diese helle, 68 m\u00b2 gro\u00dfe Wohnung befindet sich am Rosa-Luxemburg-Platz an der Grenze zwischen den Berliner Bezirken Prenzlauer Berg und Mitte. Die Wohnung verf\u00fcgt \u00fcber ein Schlafzimmer, ein Wohnzimmer, ein komplett renoviertes Badezimmer und eine voll ausgestattete K\u00fcche. Das gro\u00dfz\u00fcgige 25 m\u00b2 gro\u00dfe Wohnzimmer mit hohen W\u00e4nden vermittelt das Gef\u00fchl von noch mehr Weite. Es ist ausgestattet mit einem Schreibtisch,&hellip;            <\/p>\r\n            <a class=\"uk-button vbo-pref-color-btn\" href=\"https:\/\/www.home-berlin.com\/?page_id=92\">Details<\/a>\r\n            \r\n        <\/div>\r\n        \r\n    <\/div>\r\n    \r\n    \r\n\r\n    \r\n    <\/div>\t    \r\n    \r\n    <div class=\"uk-card uk-card-default uk-grid-collapse uk-margin\" uk-grid> \r\n    \r\n    <div class=\"uk-card-media-left uk-cover-container uk-width-1-3@m\">\r\n                        \t\t\t\t\t\t<img decoding=\"async\" src=\"https:\/\/www.home-berlin.com\/wp-content\/plugins\/vikbooking\/site\/resources\/uploads\/friedrichstrasse-56-10117-berlin.jpg\" uk-cover\/>\r\n                        <canvas width=\"390\" height=\"300\"><\/canvas>\r\n\t\t\t\t\t\t                    \r\n                    \r\n           <div class=\"uk-position-bottom-left uk-position-small uk-text-bold uk-overlay uk-overlay-default uk-padding-small uk-padding-remove-vertical\">          \r\n\t\t\t\t\t\t\t\r\n\t\t\t\t\t\t\t\t \r\n\t\t\t\t\t\t\t\t<span class=\"themecolor\">min. 3-Monatsvermietung<\/span>\r\n\t\t\t\t\t\t\t\r\n\t\t\t\t\t\t\t\r\n            \r\n            <\/div>\r\n            \r\n                        <div class=\"uk-position-top-left uk-position-small\">\r\n                            <i class=\"fas fa-male vbo-pref-color-text\"><\/i><i class=\"fas fa-male vbo-pref-color-text\"><\/i>           <\/div>\r\n           \r\n           \t\t\t           <div class=\"uk-position-top-right uk-position-small uk-text-bold uk-overlay uk-overlay-default uk-padding-small uk-padding-remove-vertical\">          \r\n\t\t\t\t\t\t\t\r\n\t\t\t\t\t\t\t\t \r\n\t\t\t\t\t\t\t\t<span class=\"themecolor\">2,000\u20ac<\/span>\r\n                                                                \t\t\t\t\t\t\t\t<div class=\"vbliststartfrom-subtxt\"><\/div>\r\n\t\t\t\t\t\t\t\t\t\t\t\t\t\t\t\t\r\n\t\t\t\t\t\t\t\r\n            \r\n            <\/div>\r\n                       \r\n    <\/div>\r\n    \r\n    <div class=\"uk-width-2-3@m\">\r\n        <div class=\"uk-card-body\">\r\n            <h3 class=\"uk-card-title\"><a href=\"https:\/\/www.home-berlin.com\/?page_id=105\">Apartment Friedrichstrasse<\/a><\/h3>\r\n           <strong> 1 Schlafzimmer \/ 1 Bett \/ 1 Badezimmer \/ 52 m\u00b2 \/ 3. Etage <\/strong>\r\n            <p>Diese helle Wohnung hat 52m\u00b2 und liegt in der Friedrichstra\u00dfe im Berliner Bezirk Mitte. Trotz der privilegierten Lage als eine der begehrtesten Wohn- und Einkaufsgegenden Berlins genie\u00dft es viel Ruhe, da das Haus zur Geb\u00e4uder\u00fcckseite orientiert ist. Das wiederum macht es sehr gut beleuchtet. Die Wohnung verf\u00fcgt \u00fcber ein Schlafzimmer, ein Wohnzimmer, ein Badezimmer, eine voll ausgestattete K\u00fcche und ein&hellip;            <\/p>\r\n            <a class=\"uk-button vbo-pref-color-btn\" href=\"https:\/\/www.home-berlin.com\/?page_id=105\">Details<\/a>\r\n            \r\n        <\/div>\r\n        \r\n    <\/div>\r\n    \r\n    \r\n\r\n    \r\n    <\/div>\t    \r\n    \r\n    <div class=\"uk-card uk-card-default uk-grid-collapse uk-margin\" uk-grid> \r\n    \r\n    <div class=\"uk-card-media-left uk-cover-container uk-width-1-3@m\">\r\n                        \t\t\t\t\t\t<img decoding=\"async\" src=\"https:\/\/www.home-berlin.com\/wp-content\/plugins\/vikbooking\/site\/resources\/uploads\/karl_marx_allee-57-10243-berlin.jpg\" uk-cover\/>\r\n                        <canvas width=\"390\" height=\"300\"><\/canvas>\r\n\t\t\t\t\t\t                    \r\n                    \r\n           <div class=\"uk-position-bottom-left uk-position-small uk-text-bold uk-overlay uk-overlay-default uk-padding-small uk-padding-remove-vertical\">          \r\n\t\t\t\t\t\t\t\r\n\t\t\t\t\t\t\t\t \r\n\t\t\t\t\t\t\t\t<span class=\"themecolor\">min. 3-Monatsvermietung<\/span>\r\n\t\t\t\t\t\t\t\r\n\t\t\t\t\t\t\t\r\n            \r\n            <\/div>\r\n            \r\n                        <div class=\"uk-position-top-left uk-position-small\">\r\n                            <i class=\"fas fa-male vbo-pref-color-text\"><\/i><i class=\"fas fa-male vbo-pref-color-text\"><\/i>           <\/div>\r\n           \r\n           \t\t\t           <div class=\"uk-position-top-right uk-position-small uk-text-bold uk-overlay uk-overlay-default uk-padding-small uk-padding-remove-vertical\">          \r\n\t\t\t\t\t\t\t\r\n\t\t\t\t\t\t\t\t \r\n\t\t\t\t\t\t\t\t<span class=\"themecolor\">2,700\u20ac<\/span>\r\n                                                                \t\t\t\t\t\t\t\t<div class=\"vbliststartfrom-subtxt\"><\/div>\r\n\t\t\t\t\t\t\t\t\t\t\t\t\t\t\t\t\r\n\t\t\t\t\t\t\t\r\n            \r\n            <\/div>\r\n                       \r\n    <\/div>\r\n    \r\n    <div class=\"uk-width-2-3@m\">\r\n        <div class=\"uk-card-body\">\r\n            <h3 class=\"uk-card-title\"><a href=\"https:\/\/www.home-berlin.com\/?page_id=106\">Apartment Karl-Marx-Allee<\/a><\/h3>\r\n           <strong> 2 Schlafzimmer \/ 2 Betten \/ 1 Badezimmer \/ 85 m\u00b2  \/ 3. Etage \/ Balkon <\/strong>\r\n            <p>Diese helle Wohnung hat 85 m\u00b2 und liegt an der Karl-Marx-Allee im Bezirk Friedrichshain in Berlin. Nur 1,4 km vom Alexanderplatz entfernt. Die Stalinallee, wie sie zu DDR-Zeiten hie\u00df, erstreckt sich zwischen dem Strausberger Platz und dem Frankfurter Tor. Sie ist etwa 90 Meter breit, 3 Kilometer lang und erstreckt sich vom Frankfurter Tor in Friedrichshain bis zum Alexanderplatz in&hellip;            <\/p>\r\n            <a class=\"uk-button vbo-pref-color-btn\" href=\"https:\/\/www.home-berlin.com\/?page_id=106\">Details<\/a>\r\n            \r\n        <\/div>\r\n        \r\n    <\/div>\r\n    \r\n    \r\n\r\n    \r\n    <\/div>\t<\/div>\r\n<\/div>\r\n\r\n\n<\/div>\n\n","protected":false},"excerpt":{"rendered":"","protected":false},"author":1,"featured_media":99,"parent":0,"menu_order":29,"comment_status":"closed","ping_status":"closed","template":"","meta":{"footnotes":""},"categories":[],"folder":[],"class_list":["post-45","page","type-page","status-publish","has-post-thumbnail","hentry"],"acf":[],"_links":{"self":[{"href":"https:\/\/www.home-berlin.com\/index.php?rest_route=\/wp\/v2\/pages\/45","targetHints":{"allow":["GET"]}}],"collection":[{"href":"https:\/\/www.home-berlin.com\/index.php?rest_route=\/wp\/v2\/pages"}],"about":[{"href":"https:\/\/www.home-berlin.com\/index.php?rest_route=\/wp\/v2\/types\/page"}],"author":[{"embeddable":true,"href":"https:\/\/www.home-berlin.com\/index.php?rest_route=\/wp\/v2\/users\/1"}],"replies":[{"embeddable":true,"href":"https:\/\/www.home-berlin.com\/index.php?rest_route=%2Fwp%2Fv2%2Fcomments&post=45"}],"version-history":[{"count":7,"href":"https:\/\/www.home-berlin.com\/index.php?rest_route=\/wp\/v2\/pages\/45\/revisions"}],"predecessor-version":[{"id":191,"href":"https:\/\/www.home-berlin.com\/index.php?rest_route=\/wp\/v2\/pages\/45\/revisions\/191"}],"wp:featuredmedia":[{"embeddable":true,"href":"https:\/\/www.home-berlin.com\/index.php?rest_route=\/wp\/v2\/media\/99"}],"wp:attachment":[{"href":"https:\/\/www.home-berlin.com\/index.php?rest_route=%2Fwp%2Fv2%2Fmedia&parent=45"}],"wp:term":[{"taxonomy":"category","embeddable":true,"href":"https:\/\/www.home-berlin.com\/index.php?rest_route=%2Fwp%2Fv2%2Fcategories&post=45"},{"taxonomy":"folder","embeddable":true,"href":"https:\/\/www.home-berlin.com\/index.php?rest_route=%2Fwp%2Fv2%2Ffolder&post=45"}],"curies":[{"name":"wp","href":"https:\/\/api.w.org\/{rel}","templated":true}]}}